{"id":830,"date":"2023-11-30T15:44:09","date_gmt":"2023-11-30T20:44:09","guid":{"rendered":"http:\/\/68.183.199.86\/home-fr\/"},"modified":"2025-03-07T14:22:31","modified_gmt":"2025-03-07T19:22:31","slug":"home-fr","status":"publish","type":"page","link":"https:\/\/footfunction.com\/fr\/","title":{"rendered":"Home FR"},"content":{"rendered":"\t\t<div data-elementor-type=\"wp-page\" data-elementor-id=\"830\" class=\"elementor elementor-830 elementor-320\" data-elementor-post-type=\"page\">\n\t\t\t\t<div class=\"elementor-element elementor-element-d5cfde3 e-flex e-con-boxed e-con e-parent\" data-id=\"d5cfde3\" data-element_type=\"container\" data-settings=\"{&quot;background_background&quot;:&quot;slideshow&quot;,&quot;background_slideshow_gallery&quot;:[{&quot;id&quot;:767,&quot;url&quot;:&quot;https:\\\/\\\/footfunction.com\\\/wp-content\\\/uploads\\\/2024\\\/01\\\/HERO_orthotics.jpg&quot;},{&quot;id&quot;:766,&quot;url&quot;:&quot;https:\\\/\\\/footfunction.com\\\/wp-content\\\/uploads\\\/2024\\\/01\\\/HERO_bracing.jpg&quot;},{&quot;id&quot;:765,&quot;url&quot;:&quot;https:\\\/\\\/footfunction.com\\\/wp-content\\\/uploads\\\/2024\\\/01\\\/HERO_gait.jpg&quot;}],&quot;background_slideshow_lazyload&quot;:&quot;yes&quot;,&quot;background_slideshow_slide_duration&quot;:4500,&quot;background_slideshow_loop&quot;:&quot;yes&quot;,&quot;background_slideshow_slide_transition&quot;:&quot;fade&quot;,&quot;background_slideshow_transition_duration&quot;:500}\">\n\t\t\t\t\t<div class=\"e-con-inner\">\n\t\t\t\t<div class=\"elementor-element elementor-element-2fda7fa elementor-headline--style-rotate elementor-widget elementor-widget-animated-headline\" data-id=\"2fda7fa\" data-element_type=\"widget\" data-settings=\"{&quot;headline_style&quot;:&quot;rotate&quot;,&quot;animation_type&quot;:&quot;drop-in&quot;,&quot;rotating_text&quot;:&quot;Orth\\u00e8ses de pieds\\nGenouill\\u00e8res sur mesure\\n\\u00c9valuations biom\\u00e9caniques&quot;,&quot;rotate_iteration_delay&quot;:5000,&quot;loop&quot;:&quot;yes&quot;}\" data-widget_type=\"animated-headline.default\">\n\t\t\t\t<div class=\"elementor-widget-container\">\n\t\t\t\t\t\t\t<h3 class=\"elementor-headline elementor-headline-animation-type-drop-in\">\n\t\t\t\t<span class=\"elementor-headline-dynamic-wrapper elementor-headline-text-wrapper\">\n\t\t\t\t\t<span class=\"elementor-headline-dynamic-text elementor-headline-text-active\">\n\t\t\t\tOrth\u00e8ses&nbsp;de&nbsp;pieds\t\t\t<\/span>\n\t\t\t\t\t<span class=\"elementor-headline-dynamic-text\">\n\t\t\t\tGenouill\u00e8res&nbsp;sur&nbsp;mesure\t\t\t<\/span>\n\t\t\t\t\t<span class=\"elementor-headline-dynamic-text\">\n\t\t\t\t\u00c9valuations&nbsp;biom\u00e9caniques\t\t\t<\/span>\n\t\t\t\t\t\t<\/span>\n\t\t\t\t<\/h3>\n\t\t\t\t\t\t<\/div>\n\t\t\t\t<\/div>\n\t\t\t\t<div class=\"elementor-element elementor-element-a2637bf elementor-align-center elementor-widget__width-auto elementor-mobile-align-center elementor-invisible elementor-widget elementor-widget-button\" data-id=\"a2637bf\" data-element_type=\"widget\" data-settings=\"{&quot;_animation&quot;:&quot;fadeInDown&quot;}\" data-widget_type=\"button.default\">\n\t\t\t\t<div class=\"elementor-widget-container\">\n\t\t\t\t\t\t\t\t\t<div class=\"elementor-button-wrapper\">\n\t\t\t\t\t<a class=\"elementor-button elementor-button-link elementor-size-sm\" href=\"https:\/\/oshc.noterro.com\/\" target=\"_blank\" rel=\"nofollow\">\n\t\t\t\t\t\t<span class=\"elementor-button-content-wrapper\">\n\t\t\t\t\t\t\t\t\t<span class=\"elementor-button-text\">Rendez Vous<\/span>\n\t\t\t\t\t<\/span>\n\t\t\t\t\t<\/a>\n\t\t\t\t<\/div>\n\t\t\t\t\t\t\t\t<\/div>\n\t\t\t\t<\/div>\n\t\t\t\t\t<\/div>\n\t\t\t\t<\/div>\n\t\t<div class=\"elementor-element elementor-element-76b52626 e-flex e-con-boxed e-con e-parent\" data-id=\"76b52626\" data-element_type=\"container\">\n\t\t\t\t\t<div class=\"e-con-inner\">\n\t\t\t\t<div class=\"elementor-element elementor-element-30e5297 elementor-widget elementor-widget-heading\" data-id=\"30e5297\" data-element_type=\"widget\" data-widget_type=\"heading.default\">\n\t\t\t\t<div class=\"elementor-widget-container\">\n\t\t\t\t\t<h2 class=\"elementor-heading-title elementor-size-default\">Orth\u00e8ses plantaires et attelles sur mesure<\/h2>\t\t\t\t<\/div>\n\t\t\t\t<\/div>\n\t\t\t\t<div class=\"elementor-element elementor-element-ccbb979 elementor-widget elementor-widget-heading\" data-id=\"ccbb979\" data-element_type=\"widget\" data-widget_type=\"heading.default\">\n\t\t\t\t<div class=\"elementor-widget-container\">\n\t\t\t\t\t<h5 class=\"elementor-heading-title elementor-size-default\">Nous desservons la communaut\u00e9 d'Ottawa depuis plus de 30 ans avec nos services d\u2019orth\u00e8ses fabriqu\u00e9es sur place, des attelles de r\u00e9habilitation et de d\u00e9charge contre l'arthrose, ainsi que des \u00e9valuations biom\u00e9caniques compl\u00e8tes\n<\/h5>\t\t\t\t<\/div>\n\t\t\t\t<\/div>\n\t\t<div class=\"elementor-element elementor-element-b2d7dbe e-con-full e-flex e-con e-child\" data-id=\"b2d7dbe\" data-element_type=\"container\">\n\t\t\t\t<div class=\"elementor-element elementor-element-43ed2439 elementor-widget-tablet__width-initial elementor-widget-mobile__width-inherit elementor-widget__width-initial elementor-position-top elementor-widget elementor-widget-image-box\" data-id=\"43ed2439\" data-element_type=\"widget\" data-widget_type=\"image-box.default\">\n\t\t\t\t<div class=\"elementor-widget-container\">\n\t\t\t\t\t<div class=\"elementor-image-box-wrapper\"><figure class=\"elementor-image-box-img\"><a href=\"https:\/\/footfunction.com\/fr\/services\/#custom-foot-orthotics\" tabindex=\"-1\"><img fetchpriority=\"high\" decoding=\"async\" width=\"1000\" height=\"664\" src=\"https:\/\/footfunction.com\/wp-content\/uploads\/2023\/12\/Custom-Orthotics.png\" class=\"elementor-animation-grow attachment-full size-full wp-image-381\" alt=\"\" srcset=\"https:\/\/footfunction.com\/wp-content\/uploads\/2023\/12\/Custom-Orthotics.png 1000w, https:\/\/footfunction.com\/wp-content\/uploads\/2023\/12\/Custom-Orthotics-300x199.png 300w, https:\/\/footfunction.com\/wp-content\/uploads\/2023\/12\/Custom-Orthotics-768x510.png 768w\" sizes=\"(max-width: 1000px) 100vw, 1000px\" \/><\/a><\/figure><div class=\"elementor-image-box-content\"><h4 class=\"elementor-image-box-title\"><a href=\"https:\/\/footfunction.com\/fr\/services\/#custom-foot-orthotics\">Orth\u00e8ses de pieds<\/a><\/h4><p class=\"elementor-image-box-description\">Fabriqu\u00e9es \u00e0 la main \u00e0 partir d'un moule en pl\u00e2tre et produites dans notre laboratoire sur place<\/p><\/div><\/div>\t\t\t\t<\/div>\n\t\t\t\t<\/div>\n\t\t\t\t<div class=\"elementor-element elementor-element-3afe9b04 elementor-widget-tablet__width-initial elementor-widget-mobile__width-inherit elementor-widget__width-initial elementor-position-top elementor-widget elementor-widget-image-box\" data-id=\"3afe9b04\" data-element_type=\"widget\" data-widget_type=\"image-box.default\">\n\t\t\t\t<div class=\"elementor-widget-container\">\n\t\t\t\t\t<div class=\"elementor-image-box-wrapper\"><figure class=\"elementor-image-box-img\"><a href=\"https:\/\/footfunction.com\/fr\/services\/#custom-knee-bracing\" tabindex=\"-1\"><img decoding=\"async\" width=\"768\" height=\"510\" src=\"https:\/\/footfunction.com\/wp-content\/uploads\/2023\/12\/Custom-knee-brace-768x510.png\" class=\"elementor-animation-grow attachment-medium_large size-medium_large wp-image-380\" alt=\"\" srcset=\"https:\/\/footfunction.com\/wp-content\/uploads\/2023\/12\/Custom-knee-brace-768x510.png 768w, https:\/\/footfunction.com\/wp-content\/uploads\/2023\/12\/Custom-knee-brace-300x199.png 300w, https:\/\/footfunction.com\/wp-content\/uploads\/2023\/12\/Custom-knee-brace.png 1000w\" sizes=\"(max-width: 768px) 100vw, 768px\" \/><\/a><\/figure><div class=\"elementor-image-box-content\"><h4 class=\"elementor-image-box-title\"><a href=\"https:\/\/footfunction.com\/fr\/services\/#custom-knee-bracing\">Genouill\u00e8res sur mesure<\/a><\/h4><p class=\"elementor-image-box-description\">Avec leviers \u00e0 triples points de forces ainsi que la technologie d'impression 3D pour assurer le meilleur ajustement possible<\/p><\/div><\/div>\t\t\t\t<\/div>\n\t\t\t\t<\/div>\n\t\t\t\t<\/div>\n\t\t\t\t<div class=\"elementor-element elementor-element-33e86e03 elementor-align-center elementor-widget__width-inherit elementor-invisible elementor-widget elementor-widget-button\" data-id=\"33e86e03\" data-element_type=\"widget\" data-settings=\"{&quot;_animation&quot;:&quot;fadeInDown&quot;}\" data-widget_type=\"button.default\">\n\t\t\t\t<div class=\"elementor-widget-container\">\n\t\t\t\t\t\t\t\t\t<div class=\"elementor-button-wrapper\">\n\t\t\t\t\t<a class=\"elementor-button elementor-button-link elementor-size-sm\" href=\"https:\/\/footfunction.com\/fr\/services\/\">\n\t\t\t\t\t\t<span class=\"elementor-button-content-wrapper\">\n\t\t\t\t\t\t\t\t\t<span class=\"elementor-button-text\">Nos services<\/span>\n\t\t\t\t\t<\/span>\n\t\t\t\t\t<\/a>\n\t\t\t\t<\/div>\n\t\t\t\t\t\t\t\t<\/div>\n\t\t\t\t<\/div>\n\t\t\t\t\t<\/div>\n\t\t\t\t<\/div>\n\t\t<div class=\"elementor-element elementor-element-4c3cac6b e-flex e-con-boxed e-con e-parent\" data-id=\"4c3cac6b\" data-element_type=\"container\">\n\t\t\t\t\t<div class=\"e-con-inner\">\n\t\t<div class=\"elementor-element elementor-element-34530233 e-con-full e-flex e-con e-child\" data-id=\"34530233\" data-element_type=\"container\" data-settings=\"{&quot;background_background&quot;:&quot;classic&quot;}\">\n\t\t\t\t<\/div>\n\t\t<div class=\"elementor-element elementor-element-38737bf9 e-con-full e-flex e-con e-child\" data-id=\"38737bf9\" data-element_type=\"container\">\n\t\t\t\t<div class=\"elementor-element elementor-element-15ab257 elementor-widget elementor-widget-image\" data-id=\"15ab257\" data-element_type=\"widget\" data-widget_type=\"image.default\">\n\t\t\t\t<div class=\"elementor-widget-container\">\n\t\t\t\t\t\t\t\t\t\t\t\t\t\t\t<img decoding=\"async\" width=\"150\" height=\"150\" src=\"https:\/\/footfunction.com\/wp-content\/uploads\/2023\/11\/favicon_ff-150x150.png\" class=\"attachment-thumbnail size-thumbnail wp-image-794\" alt=\"\" srcset=\"https:\/\/footfunction.com\/wp-content\/uploads\/2023\/11\/favicon_ff-150x150.png 150w, https:\/\/footfunction.com\/wp-content\/uploads\/2023\/11\/favicon_ff-300x300.png 300w, https:\/\/footfunction.com\/wp-content\/uploads\/2023\/11\/favicon_ff.png 513w\" sizes=\"(max-width: 150px) 100vw, 150px\" \/>\t\t\t\t\t\t\t\t\t\t\t\t\t\t\t<\/div>\n\t\t\t\t<\/div>\n\t\t\t\t<div class=\"elementor-element elementor-element-4fa4a666 elementor-widget elementor-widget-heading\" data-id=\"4fa4a666\" data-element_type=\"widget\" data-widget_type=\"heading.default\">\n\t\t\t\t<div class=\"elementor-widget-container\">\n\t\t\t\t\t<h2 class=\"elementor-heading-title elementor-size-default\">L\u2019histoire<br>Foot Function<\/h2>\t\t\t\t<\/div>\n\t\t\t\t<\/div>\n\t\t\t\t<div class=\"elementor-element elementor-element-3e691c69 elementor-widget elementor-widget-text-editor\" data-id=\"3e691c69\" data-element_type=\"widget\" data-widget_type=\"text-editor.default\">\n\t\t\t\t<div class=\"elementor-widget-container\">\n\t\t\t\t\t\t\t\t\t<p>Nous sommes fiers d\u2019offrir la m\u00eame qualit\u00e9 de services orthop\u00e9diques dans la communaut\u00e9 d\u2019Ottawa depuis 30 ans. Avec deux cliniques et des professionnels certifi\u00e9s- nous avons votre solution<\/p>\n\t\t\t\t\t\t\t\t<\/div>\n\t\t\t\t<\/div>\n\t\t\t\t<div class=\"elementor-element elementor-element-177f164e elementor-mobile-align-center elementor-tablet-align-center elementor-invisible elementor-widget elementor-widget-button\" data-id=\"177f164e\" data-element_type=\"widget\" data-settings=\"{&quot;_animation&quot;:&quot;fadeIn&quot;}\" data-widget_type=\"button.default\">\n\t\t\t\t<div class=\"elementor-widget-container\">\n\t\t\t\t\t\t\t\t\t<div class=\"elementor-button-wrapper\">\n\t\t\t\t\t<a class=\"elementor-button elementor-button-link elementor-size-sm\" href=\"https:\/\/footfunction.com\/fr\/a-propos\/\">\n\t\t\t\t\t\t<span class=\"elementor-button-content-wrapper\">\n\t\t\t\t\t\t\t\t\t<span class=\"elementor-button-text\">En conna\u00eetre d'avantage\u2026<\/span>\n\t\t\t\t\t<\/span>\n\t\t\t\t\t<\/a>\n\t\t\t\t<\/div>\n\t\t\t\t\t\t\t\t<\/div>\n\t\t\t\t<\/div>\n\t\t\t\t<\/div>\n\t\t\t\t\t<\/div>\n\t\t\t\t<\/div>\n\t\t<div class=\"elementor-element elementor-element-99b5883 e-flex e-con-boxed e-con e-parent\" data-id=\"99b5883\" data-element_type=\"container\">\n\t\t\t\t\t<div class=\"e-con-inner\">\n\t\t\t\t<div class=\"elementor-element elementor-element-d6497b0 elementor-widget elementor-widget-heading\" data-id=\"d6497b0\" data-element_type=\"widget\" data-widget_type=\"heading.default\">\n\t\t\t\t<div class=\"elementor-widget-container\">\n\t\t\t\t\t<h2 class=\"elementor-heading-title elementor-size-default\">Nos partenaires<\/h2>\t\t\t\t<\/div>\n\t\t\t\t<\/div>\n\t\t\t\t\t<\/div>\n\t\t\t\t<\/div>\n\t\t<div class=\"elementor-element elementor-element-02cf778 e-flex e-con-boxed e-con e-parent\" data-id=\"02cf778\" data-element_type=\"container\">\n\t\t\t\t\t<div class=\"e-con-inner\">\n\t\t<div class=\"elementor-element elementor-element-808bc11 e-con-full e-flex e-con e-child\" data-id=\"808bc11\" data-element_type=\"container\">\n\t\t\t\t<div class=\"elementor-element elementor-element-b82da14 elementor-widget elementor-widget-image\" data-id=\"b82da14\" data-element_type=\"widget\" data-widget_type=\"image.default\">\n\t\t\t\t<div class=\"elementor-widget-container\">\n\t\t\t\t\t\t\t\t\t\t\t\t\t\t\t<img loading=\"lazy\" decoding=\"async\" width=\"300\" height=\"122\" src=\"https:\/\/footfunction.com\/wp-content\/uploads\/2024\/01\/Ossur-300x122.jpg\" class=\"attachment-medium size-medium wp-image-812\" alt=\"\" srcset=\"https:\/\/footfunction.com\/wp-content\/uploads\/2024\/01\/Ossur-300x122.jpg 300w, https:\/\/footfunction.com\/wp-content\/uploads\/2024\/01\/Ossur.jpg 452w\" sizes=\"(max-width: 300px) 100vw, 300px\" \/>\t\t\t\t\t\t\t\t\t\t\t\t\t\t\t<\/div>\n\t\t\t\t<\/div>\n\t\t\t\t<\/div>\n\t\t<div class=\"elementor-element elementor-element-c3f8e95 e-con-full e-flex e-con e-child\" data-id=\"c3f8e95\" data-element_type=\"container\">\n\t\t\t\t<div class=\"elementor-element elementor-element-d3d82b8 elementor-widget elementor-widget-image\" data-id=\"d3d82b8\" data-element_type=\"widget\" data-widget_type=\"image.default\">\n\t\t\t\t<div class=\"elementor-widget-container\">\n\t\t\t\t\t\t\t\t\t\t\t\t\t\t\t<img loading=\"lazy\" decoding=\"async\" width=\"300\" height=\"93\" src=\"https:\/\/footfunction.com\/wp-content\/uploads\/2024\/01\/Osskin-300x93.jpg\" class=\"attachment-medium size-medium wp-image-811\" alt=\"\" srcset=\"https:\/\/footfunction.com\/wp-content\/uploads\/2024\/01\/Osskin-300x93.jpg 300w, https:\/\/footfunction.com\/wp-content\/uploads\/2024\/01\/Osskin.jpg 593w\" sizes=\"(max-width: 300px) 100vw, 300px\" \/>\t\t\t\t\t\t\t\t\t\t\t\t\t\t\t<\/div>\n\t\t\t\t<\/div>\n\t\t\t\t<\/div>\n\t\t<div class=\"elementor-element elementor-element-19078d0 e-con-full e-flex e-con e-child\" data-id=\"19078d0\" data-element_type=\"container\">\n\t\t\t\t<div class=\"elementor-element elementor-element-e869be5 elementor-widget elementor-widget-image\" data-id=\"e869be5\" data-element_type=\"widget\" data-widget_type=\"image.default\">\n\t\t\t\t<div class=\"elementor-widget-container\">\n\t\t\t\t\t\t\t\t\t\t\t\t\t\t\t<img loading=\"lazy\" decoding=\"async\" width=\"160\" height=\"100\" src=\"https:\/\/footfunction.com\/wp-content\/uploads\/2024\/01\/PAC-logo.jpg\" class=\"attachment-medium size-medium wp-image-808\" alt=\"\" \/>\t\t\t\t\t\t\t\t\t\t\t\t\t\t\t<\/div>\n\t\t\t\t<\/div>\n\t\t\t\t<\/div>\n\t\t<div class=\"elementor-element elementor-element-7a3b47c e-con-full e-flex e-con e-child\" data-id=\"7a3b47c\" data-element_type=\"container\">\n\t\t\t\t<div class=\"elementor-element elementor-element-3e69901 elementor-widget elementor-widget-image\" data-id=\"3e69901\" data-element_type=\"widget\" data-widget_type=\"image.default\">\n\t\t\t\t<div class=\"elementor-widget-container\">\n\t\t\t\t\t\t\t\t\t\t\t\t\t\t\t<img loading=\"lazy\" decoding=\"async\" width=\"300\" height=\"87\" src=\"https:\/\/footfunction.com\/wp-content\/uploads\/2024\/01\/Enovis-300x87.jpg\" class=\"attachment-medium size-medium wp-image-810\" alt=\"\" srcset=\"https:\/\/footfunction.com\/wp-content\/uploads\/2024\/01\/Enovis-300x87.jpg 300w, https:\/\/footfunction.com\/wp-content\/uploads\/2024\/01\/Enovis.jpg 584w\" sizes=\"(max-width: 300px) 100vw, 300px\" \/>\t\t\t\t\t\t\t\t\t\t\t\t\t\t\t<\/div>\n\t\t\t\t<\/div>\n\t\t\t\t<\/div>\n\t\t<div class=\"elementor-element elementor-element-270d0f4 e-con-full e-flex e-con e-child\" data-id=\"270d0f4\" data-element_type=\"container\">\n\t\t\t\t<div class=\"elementor-element elementor-element-414ad7b elementor-widget elementor-widget-image\" data-id=\"414ad7b\" data-element_type=\"widget\" data-widget_type=\"image.default\">\n\t\t\t\t<div class=\"elementor-widget-container\">\n\t\t\t\t\t\t\t\t\t\t\t\t\t\t\t<img loading=\"lazy\" decoding=\"async\" width=\"300\" height=\"86\" src=\"https:\/\/footfunction.com\/wp-content\/uploads\/2024\/01\/CPC-logo-300x86.jpg\" class=\"attachment-medium size-medium wp-image-809\" alt=\"\" srcset=\"https:\/\/footfunction.com\/wp-content\/uploads\/2024\/01\/CPC-logo-300x86.jpg 300w, https:\/\/footfunction.com\/wp-content\/uploads\/2024\/01\/CPC-logo.jpg 347w\" sizes=\"(max-width: 300px) 100vw, 300px\" \/>\t\t\t\t\t\t\t\t\t\t\t\t\t\t\t<\/div>\n\t\t\t\t<\/div>\n\t\t\t\t<\/div>\n\t\t\t\t\t<\/div>\n\t\t\t\t<\/div>\n\t\t<div class=\"elementor-element elementor-element-12f8b8f1 e-con-full e-flex e-con e-parent\" data-id=\"12f8b8f1\" data-element_type=\"container\" data-settings=\"{&quot;background_background&quot;:&quot;classic&quot;}\">\n\t\t<div class=\"elementor-element elementor-element-3ac0f3c5 e-flex e-con-boxed e-con e-child\" data-id=\"3ac0f3c5\" data-element_type=\"container\">\n\t\t\t\t\t<div class=\"e-con-inner\">\n\t\t\t\t<div class=\"elementor-element elementor-element-7c955b58 elementor-widget elementor-widget-heading\" data-id=\"7c955b58\" data-element_type=\"widget\" data-widget_type=\"heading.default\">\n\t\t\t\t<div class=\"elementor-widget-container\">\n\t\t\t\t\t<h2 class=\"elementor-heading-title elementor-size-default\">Prenez vos <br>prochains pas <br>d\u00e8s aujourd\u2019hui<\/h2>\t\t\t\t<\/div>\n\t\t\t\t<\/div>\n\t\t\t\t<div class=\"elementor-element elementor-element-746ada29 elementor-align-left elementor-widget__width-auto elementor-mobile-align-center elementor-invisible elementor-widget elementor-widget-button\" data-id=\"746ada29\" data-element_type=\"widget\" data-settings=\"{&quot;_animation&quot;:&quot;fadeInDown&quot;}\" data-widget_type=\"button.default\">\n\t\t\t\t<div class=\"elementor-widget-container\">\n\t\t\t\t\t\t\t\t\t<div class=\"elementor-button-wrapper\">\n\t\t\t\t\t<a class=\"elementor-button elementor-button-link elementor-size-sm\" href=\"https:\/\/oshc.noterro.com\/\" target=\"_blank\" rel=\"nofollow\">\n\t\t\t\t\t\t<span class=\"elementor-button-content-wrapper\">\n\t\t\t\t\t\t\t\t\t<span class=\"elementor-button-text\">Rendez Vous<\/span>\n\t\t\t\t\t<\/span>\n\t\t\t\t\t<\/a>\n\t\t\t\t<\/div>\n\t\t\t\t\t\t\t\t<\/div>\n\t\t\t\t<\/div>\n\t\t\t\t<div class=\"elementor-element elementor-element-4bd42973 elementor-widget elementor-widget-heading\" data-id=\"4bd42973\" data-element_type=\"widget\" data-widget_type=\"heading.default\">\n\t\t\t\t<div class=\"elementor-widget-container\">\n\t\t\t\t\t<h4 class=\"elementor-heading-title elementor-size-default\"><a href=\"\/fr\/contact\/\">ou communiquez avec nos professionnels <\/a><\/h4>\t\t\t\t<\/div>\n\t\t\t\t<\/div>\n\t\t\t\t\t<\/div>\n\t\t\t\t<\/div>\n\t\t<div class=\"elementor-element elementor-element-11747cff e-flex e-con-boxed e-con e-child\" data-id=\"11747cff\" data-element_type=\"container\">\n\t\t\t\t\t<div class=\"e-con-inner\">\n\t\t\t\t<div class=\"elementor-element elementor-element-5d3db30c elementor-widget elementor-widget-image\" data-id=\"5d3db30c\" data-element_type=\"widget\" data-widget_type=\"image.default\">\n\t\t\t\t<div class=\"elementor-widget-container\">\n\t\t\t\t\t\t\t\t\t\t\t\t\t\t\t<img loading=\"lazy\" decoding=\"async\" width=\"1200\" height=\"800\" src=\"https:\/\/footfunction.com\/wp-content\/uploads\/2024\/02\/walking_image.jpg\" class=\"attachment-1536x1536 size-1536x1536 wp-image-860\" alt=\"\" srcset=\"https:\/\/footfunction.com\/wp-content\/uploads\/2024\/02\/walking_image.jpg 1200w, https:\/\/footfunction.com\/wp-content\/uploads\/2024\/02\/walking_image-300x200.jpg 300w, https:\/\/footfunction.com\/wp-content\/uploads\/2024\/02\/walking_image-1024x683.jpg 1024w, https:\/\/footfunction.com\/wp-content\/uploads\/2024\/02\/walking_image-768x512.jpg 768w\" sizes=\"(max-width: 1200px) 100vw, 1200px\" \/>\t\t\t\t\t\t\t\t\t\t\t\t\t\t\t<\/div>\n\t\t\t\t<\/div>\n\t\t\t\t\t<\/div>\n\t\t\t\t<\/div>\n\t\t\t\t<\/div>\n\t\t\t\t<\/div>\n\t\t","protected":false},"excerpt":{"rendered":"<p>Orth\u00e8ses&nbsp;de&nbsp;pieds Genouill\u00e8res&nbsp;sur&nbsp;mesure \u00c9valuations&nbsp;biom\u00e9caniques Rendez Vous Orth\u00e8ses plantaires et attelles sur mesure Nous desservons la communaut\u00e9 d&rsquo;Ottawa depuis plus de 30 ans avec nos services d\u2019orth\u00e8ses fabriqu\u00e9es sur place, des attelles de r\u00e9habilitation et de d\u00e9charge contre l&rsquo;arthrose, ainsi que des \u00e9valuations biom\u00e9caniques compl\u00e8tes Orth\u00e8ses de pieds Fabriqu\u00e9es \u00e0 la main \u00e0 partir d&rsquo;un moule en [&hellip;]<\/p>\n","protected":false},"author":1,"featured_media":0,"parent":0,"menu_order":0,"comment_status":"closed","ping_status":"closed","template":"elementor_header_footer","meta":{"footnotes":""},"class_list":["post-830","page","type-page","status-publish","hentry"],"_links":{"self":[{"href":"https:\/\/footfunction.com\/fr\/wp-json\/wp\/v2\/pages\/830","targetHints":{"allow":["GET"]}}],"collection":[{"href":"https:\/\/footfunction.com\/fr\/wp-json\/wp\/v2\/pages"}],"about":[{"href":"https:\/\/footfunction.com\/fr\/wp-json\/wp\/v2\/types\/page"}],"author":[{"embeddable":true,"href":"https:\/\/footfunction.com\/fr\/wp-json\/wp\/v2\/users\/1"}],"replies":[{"embeddable":true,"href":"https:\/\/footfunction.com\/fr\/wp-json\/wp\/v2\/comments?post=830"}],"version-history":[{"count":21,"href":"https:\/\/footfunction.com\/fr\/wp-json\/wp\/v2\/pages\/830\/revisions"}],"predecessor-version":[{"id":979,"href":"https:\/\/footfunction.com\/fr\/wp-json\/wp\/v2\/pages\/830\/revisions\/979"}],"wp:attachment":[{"href":"https:\/\/footfunction.com\/fr\/wp-json\/wp\/v2\/media?parent=830"}],"curies":[{"name":"wp","href":"https:\/\/api.w.org\/{rel}","templated":true}]}}