{"id":836,"date":"2023-11-30T15:44:09","date_gmt":"2023-11-30T20:44:09","guid":{"rendered":"http:\/\/68.183.199.86\/a-propos\/"},"modified":"2025-03-03T17:18:34","modified_gmt":"2025-03-03T22:18:34","slug":"a-propos","status":"publish","type":"page","link":"https:\/\/footfunction.com\/fr\/a-propos\/","title":{"rendered":"\u00c0 propos"},"content":{"rendered":"\t\t<div data-elementor-type=\"wp-page\" data-elementor-id=\"836\" class=\"elementor elementor-836 elementor-316\" data-elementor-post-type=\"page\">\n\t\t\t\t<div class=\"elementor-element elementor-element-47a8853c e-con-full e-flex e-con e-parent\" data-id=\"47a8853c\" data-element_type=\"container\">\n\t\t<div class=\"elementor-element elementor-element-17565af1 e-con-full e-flex e-con e-child\" data-id=\"17565af1\" data-element_type=\"container\" data-settings=\"{&quot;background_background&quot;:&quot;classic&quot;}\">\n\t\t\t\t<\/div>\n\t\t<div class=\"elementor-element elementor-element-8734fb e-con-full e-flex e-con e-child\" data-id=\"8734fb\" data-element_type=\"container\">\n\t\t\t\t<div class=\"elementor-element elementor-element-12836e92 elementor-widget elementor-widget-heading\" data-id=\"12836e92\" data-element_type=\"widget\" data-widget_type=\"heading.default\">\n\t\t\t\t<div class=\"elementor-widget-container\">\n\t\t\t\t\t<h6 class=\"elementor-heading-title elementor-size-default\">\u00c0 PROPOS<\/h6>\t\t\t\t<\/div>\n\t\t\t\t<\/div>\n\t\t\t\t<div class=\"elementor-element elementor-element-3fd0410 elementor-widget elementor-widget-heading\" data-id=\"3fd0410\" data-element_type=\"widget\" data-widget_type=\"heading.default\">\n\t\t\t\t<div class=\"elementor-widget-container\">\n\t\t\t\t\t<h1 class=\"elementor-heading-title elementor-size-default\">Foot Function<\/h1>\t\t\t\t<\/div>\n\t\t\t\t<\/div>\n\t\t\t\t<div class=\"elementor-element elementor-element-662ba29b elementor-invisible elementor-widget elementor-widget-text-editor\" data-id=\"662ba29b\" data-element_type=\"widget\" data-settings=\"{&quot;_animation&quot;:&quot;fadeIn&quot;,&quot;_animation_delay&quot;:400}\" data-widget_type=\"text-editor.default\">\n\t\t\t\t<div class=\"elementor-widget-container\">\n\t\t\t\t\t\t\t\t\t<p>Foot Function a \u00e9t\u00e9 fond\u00e9 il y a plus de 30 ans par son ancien propri\u00e9taire Sean Murray. Tous nos Orth\u00e9sistes certifi\u00e9s sont membres en r\u00e8gle de l&rsquo;Association Canadienne de l\u2019Orth\u00e9siste et du Coll\u00e8ge des Orth\u00e9sistes du Canada. Nous demeurons toujours une clinique de premier plan dans la conception d\u2019orth\u00e8ses plantaires sur mesure et de la fabrication sur place.<\/p>\n\t\t\t\t\t\t\t\t<\/div>\n\t\t\t\t<\/div>\n\t\t\t\t<\/div>\n\t\t\t\t<\/div>\n\t\t<div class=\"elementor-element elementor-element-454aa4f5 e-flex e-con-boxed e-con e-parent\" data-id=\"454aa4f5\" data-element_type=\"container\">\n\t\t\t\t\t<div class=\"e-con-inner\">\n\t\t\t\t<div class=\"elementor-element elementor-element-02282ea elementor-widget elementor-widget-heading\" data-id=\"02282ea\" data-element_type=\"widget\" data-widget_type=\"heading.default\">\n\t\t\t\t<div class=\"elementor-widget-container\">\n\t\t\t\t\t<h6 class=\"elementor-heading-title elementor-size-default\">FOOT FUNCTION<\/h6>\t\t\t\t<\/div>\n\t\t\t\t<\/div>\n\t\t\t\t<div class=\"elementor-element elementor-element-609f773c elementor-widget elementor-widget-heading\" data-id=\"609f773c\" data-element_type=\"widget\" data-widget_type=\"heading.default\">\n\t\t\t\t<div class=\"elementor-widget-container\">\n\t\t\t\t\t<h2 class=\"elementor-heading-title elementor-size-default\">NOS PROFESSIONNELS<\/h2>\t\t\t\t<\/div>\n\t\t\t\t<\/div>\n\t\t<div class=\"elementor-element elementor-element-4b6b586 e-con-full e-flex e-con e-child\" data-id=\"4b6b586\" data-element_type=\"container\">\n\t\t<div class=\"elementor-element elementor-element-6aa6c5dc e-con-full e-flex e-con e-child\" data-id=\"6aa6c5dc\" data-element_type=\"container\" data-settings=\"{&quot;background_background&quot;:&quot;classic&quot;}\">\n\t\t\t\t<div class=\"elementor-element elementor-element-3a90606 elementor-widget elementor-widget-image\" data-id=\"3a90606\" data-element_type=\"widget\" data-widget_type=\"image.default\">\n\t\t\t\t<div class=\"elementor-widget-container\">\n\t\t\t\t\t\t\t\t\t\t\t\t\t\t\t<img fetchpriority=\"high\" decoding=\"async\" width=\"500\" height=\"601\" src=\"https:\/\/footfunction.com\/wp-content\/uploads\/2024\/01\/Cindie-Bio-photo2.jpg\" class=\"attachment-large size-large wp-image-804\" alt=\"\" srcset=\"https:\/\/footfunction.com\/wp-content\/uploads\/2024\/01\/Cindie-Bio-photo2.jpg 500w, https:\/\/footfunction.com\/wp-content\/uploads\/2024\/01\/Cindie-Bio-photo2-250x300.jpg 250w\" sizes=\"(max-width: 500px) 100vw, 500px\" \/>\t\t\t\t\t\t\t\t\t\t\t\t\t\t\t<\/div>\n\t\t\t\t<\/div>\n\t\t\t\t<div class=\"elementor-element elementor-element-38eb14e8 elementor-widget elementor-widget-heading\" data-id=\"38eb14e8\" data-element_type=\"widget\" data-widget_type=\"heading.default\">\n\t\t\t\t<div class=\"elementor-widget-container\">\n\t\t\t\t\t<h4 class=\"elementor-heading-title elementor-size-default\">Cindie Houde<\/h4>\t\t\t\t<\/div>\n\t\t\t\t<\/div>\n\t\t\t\t<div class=\"elementor-element elementor-element-3b2e983 elementor-widget elementor-widget-heading\" data-id=\"3b2e983\" data-element_type=\"widget\" data-widget_type=\"heading.default\">\n\t\t\t\t<div class=\"elementor-widget-container\">\n\t\t\t\t\t<h4 class=\"elementor-heading-title elementor-size-default\">BHSc, B.Soc.Sc, C. Ped (C)<\/h4>\t\t\t\t<\/div>\n\t\t\t\t<\/div>\n\t\t\t\t<div class=\"elementor-element elementor-element-7ea228fa elementor-widget-divider--view-line elementor-widget elementor-widget-divider\" data-id=\"7ea228fa\" data-element_type=\"widget\" data-widget_type=\"divider.default\">\n\t\t\t\t<div class=\"elementor-widget-container\">\n\t\t\t\t\t\t\t<div class=\"elementor-divider\">\n\t\t\t<span class=\"elementor-divider-separator\">\n\t\t\t\t\t\t<\/span>\n\t\t<\/div>\n\t\t\t\t\t\t<\/div>\n\t\t\t\t<\/div>\n\t\t\t\t<div class=\"elementor-element elementor-element-3c82ac01 elementor-widget elementor-widget-text-editor\" data-id=\"3c82ac01\" data-element_type=\"widget\" data-widget_type=\"text-editor.default\">\n\t\t\t\t<div class=\"elementor-widget-container\">\n\t\t\t\t\t\t\t\t\t<p>Cindie a obtenu un baccalaur\u00e9at sp\u00e9cialis\u00e9 en sciences de la sant\u00e9 de l&rsquo;Universit\u00e9 d&rsquo;Ottawa en 2016, ainsi qu&rsquo;un deuxi\u00e8me baccalaur\u00e9at en Sciences Sociales. Cindie a ensuite poursuivi ses \u00e9tudes pour se sp\u00e9cialiser dans l&rsquo;anatomie et la biom\u00e9canique des membres inf\u00e9rieurs, l&rsquo;analyse de la d\u00e9marche et la fabrication d&rsquo;orth\u00e8ses plantaires sur mesure dans le cadre du programme d\u2019Orth\u00e9sie de l&rsquo;Universit\u00e9 Western. Apr\u00e8s avoir termin\u00e9e ses \u00e9tudes en 2018, Cindie a obtenu son droit de pratique d\u2019Orth\u00e9siste Certifi\u00e9e du Coll\u00e8ge d\u2019Orth\u00e9siste du Canada. Elle a travaill\u00e9 avec l&rsquo;\u00e9quipe Foot Function sous la direction de Sean Murray depuis 2013, et est maintenant propri\u00e9taire depuis 2019.<\/p>\n<p>Lorsque Cindie n&rsquo;est pas au travail, elle adore passer son temps dehors en randonn\u00e9e p\u00e9destre, et \u00e0 pratiquer divers sports. Elle aime pr\u00e9sentement s\u2019entrainer pour des triathlons, le tennis et le basket-ball. En tant que passionn\u00e9e du sport, Cindie cherche toujours \u00e0 am\u00e9liorer la sant\u00e9 des pieds et des articulations de ses patients afin de les aider \u00e0 reprendre leurs activit\u00e9s quotidiennes.<\/p>\n\t\t\t\t\t\t\t\t<\/div>\n\t\t\t\t<\/div>\n\t\t\t\t<\/div>\n\t\t<div class=\"elementor-element elementor-element-32e26eb e-con-full e-flex e-con e-child\" data-id=\"32e26eb\" data-element_type=\"container\" data-settings=\"{&quot;background_background&quot;:&quot;classic&quot;}\">\n\t\t\t\t<div class=\"elementor-element elementor-element-dfb78d5 elementor-widget elementor-widget-image\" data-id=\"dfb78d5\" data-element_type=\"widget\" data-widget_type=\"image.default\">\n\t\t\t\t<div class=\"elementor-widget-container\">\n\t\t\t\t\t\t\t\t\t\t\t\t\t\t\t<img decoding=\"async\" width=\"500\" height=\"601\" src=\"https:\/\/footfunction.com\/wp-content\/uploads\/2024\/01\/Andrea-Bio-photo2.jpg\" class=\"attachment-large size-large wp-image-803\" alt=\"\" srcset=\"https:\/\/footfunction.com\/wp-content\/uploads\/2024\/01\/Andrea-Bio-photo2.jpg 500w, https:\/\/footfunction.com\/wp-content\/uploads\/2024\/01\/Andrea-Bio-photo2-250x300.jpg 250w\" sizes=\"(max-width: 500px) 100vw, 500px\" \/>\t\t\t\t\t\t\t\t\t\t\t\t\t\t\t<\/div>\n\t\t\t\t<\/div>\n\t\t\t\t<div class=\"elementor-element elementor-element-7eb3312 elementor-widget elementor-widget-heading\" data-id=\"7eb3312\" data-element_type=\"widget\" data-widget_type=\"heading.default\">\n\t\t\t\t<div class=\"elementor-widget-container\">\n\t\t\t\t\t<h4 class=\"elementor-heading-title elementor-size-default\">Andrea D\u2019Alfonso<\/h4>\t\t\t\t<\/div>\n\t\t\t\t<\/div>\n\t\t\t\t<div class=\"elementor-element elementor-element-7bab73b elementor-widget elementor-widget-heading\" data-id=\"7bab73b\" data-element_type=\"widget\" data-widget_type=\"heading.default\">\n\t\t\t\t<div class=\"elementor-widget-container\">\n\t\t\t\t\t<h4 class=\"elementor-heading-title elementor-size-default\">R. Kin. C Ped (C)<\/h4>\t\t\t\t<\/div>\n\t\t\t\t<\/div>\n\t\t\t\t<div class=\"elementor-element elementor-element-b496556 elementor-widget-divider--view-line elementor-widget elementor-widget-divider\" data-id=\"b496556\" data-element_type=\"widget\" data-widget_type=\"divider.default\">\n\t\t\t\t<div class=\"elementor-widget-container\">\n\t\t\t\t\t\t\t<div class=\"elementor-divider\">\n\t\t\t<span class=\"elementor-divider-separator\">\n\t\t\t\t\t\t<\/span>\n\t\t<\/div>\n\t\t\t\t\t\t<\/div>\n\t\t\t\t<\/div>\n\t\t\t\t<div class=\"elementor-element elementor-element-8d58588 elementor-widget elementor-widget-text-editor\" data-id=\"8d58588\" data-element_type=\"widget\" data-widget_type=\"text-editor.default\">\n\t\t\t\t<div class=\"elementor-widget-container\">\n\t\t\t\t\t\t\t\t\t<p>Andrea a d\u00e9but\u00e9 sa carri\u00e8re dans le domaine de l\u2019orth\u00e9sie \u00e0 la clinique Ottawa Sport and Health Centre en 2008 sous la supervision de Sean Murray. Apr\u00e8s avoir r\u00e9cemment pris quelques ann\u00e9es de cong\u00e9 parental, Andrea est ravie de retourner travailler aux c\u00f4t\u00e9s de Cindie.<\/p>\n<p>En tant qu\u2019Orth\u00e9siste certifi\u00e9e, Andrea apporte plus de 10 ans d&rsquo;exp\u00e9rience \u00e0 la clinique ainsi qu&rsquo;un bagage de connaissances dans le domaine de la kin\u00e9siologie. Elle aime utiliser ces connaissances et cette exp\u00e9rience au travail et s&rsquo;int\u00e9resse beaucoup au lien entre les d\u00e9s\u00e9quilibres musculaires, l&rsquo;alignement du corps et les blessures. Elle est membre en r\u00e8gle de l&rsquo;Association canadienne d\u2019Orth\u00e9siste ainsi que du Coll\u00e8ge d\u2019Orth\u00e9sie et est kin\u00e9siologue agr\u00e9\u00e9e aupr\u00e8s de l&rsquo;Ordre des kin\u00e9siologues de l&rsquo;Ontario.<\/p>\n\t\t\t\t\t\t\t\t<\/div>\n\t\t\t\t<\/div>\n\t\t\t\t<\/div>\n\t\t\t\t<\/div>\n\t\t\t\t\t<\/div>\n\t\t\t\t<\/div>\n\t\t<div class=\"elementor-element elementor-element-179fb4a8 e-con-full e-flex e-con e-parent\" data-id=\"179fb4a8\" data-element_type=\"container\" data-settings=\"{&quot;background_background&quot;:&quot;classic&quot;}\">\n\t\t<div class=\"elementor-element elementor-element-6703dc3e e-flex e-con-boxed e-con e-child\" data-id=\"6703dc3e\" data-element_type=\"container\">\n\t\t\t\t\t<div class=\"e-con-inner\">\n\t\t\t\t<div class=\"elementor-element elementor-element-53825681 elementor-widget elementor-widget-heading\" data-id=\"53825681\" data-element_type=\"widget\" data-widget_type=\"heading.default\">\n\t\t\t\t<div class=\"elementor-widget-container\">\n\t\t\t\t\t<h2 class=\"elementor-heading-title elementor-size-default\">Prenez vos <br>prochains pas <br>d\u00e8s aujourd\u2019hui<\/h2>\t\t\t\t<\/div>\n\t\t\t\t<\/div>\n\t\t\t\t<div class=\"elementor-element elementor-element-71597cc5 elementor-align-left elementor-widget__width-auto elementor-mobile-align-center elementor-invisible elementor-widget elementor-widget-button\" data-id=\"71597cc5\" data-element_type=\"widget\" data-settings=\"{&quot;_animation&quot;:&quot;fadeInDown&quot;}\" data-widget_type=\"button.default\">\n\t\t\t\t<div class=\"elementor-widget-container\">\n\t\t\t\t\t\t\t\t\t<div class=\"elementor-button-wrapper\">\n\t\t\t\t\t<a class=\"elementor-button elementor-button-link elementor-size-sm\" href=\"https:\/\/oshc.noterro.com\/\" target=\"_blank\" rel=\"nofollow\">\n\t\t\t\t\t\t<span class=\"elementor-button-content-wrapper\">\n\t\t\t\t\t\t\t\t\t<span class=\"elementor-button-text\">Rendez Vous<\/span>\n\t\t\t\t\t<\/span>\n\t\t\t\t\t<\/a>\n\t\t\t\t<\/div>\n\t\t\t\t\t\t\t\t<\/div>\n\t\t\t\t<\/div>\n\t\t\t\t<div class=\"elementor-element elementor-element-22c43a60 elementor-widget elementor-widget-heading\" data-id=\"22c43a60\" data-element_type=\"widget\" data-widget_type=\"heading.default\">\n\t\t\t\t<div class=\"elementor-widget-container\">\n\t\t\t\t\t<h4 class=\"elementor-heading-title elementor-size-default\"><a href=\"\/fr\/contact\/\">ou communiquez avec nos professionnels <\/a><\/h4>\t\t\t\t<\/div>\n\t\t\t\t<\/div>\n\t\t\t\t\t<\/div>\n\t\t\t\t<\/div>\n\t\t<div class=\"elementor-element elementor-element-768cde0f e-flex e-con-boxed e-con e-child\" data-id=\"768cde0f\" data-element_type=\"container\">\n\t\t\t\t\t<div class=\"e-con-inner\">\n\t\t\t\t<div class=\"elementor-element elementor-element-71c5a39e elementor-widget elementor-widget-image\" data-id=\"71c5a39e\" data-element_type=\"widget\" data-widget_type=\"image.default\">\n\t\t\t\t<div class=\"elementor-widget-container\">\n\t\t\t\t\t\t\t\t\t\t\t\t\t\t\t<img decoding=\"async\" width=\"1200\" height=\"800\" src=\"https:\/\/footfunction.com\/wp-content\/uploads\/2024\/02\/walking_image.jpg\" class=\"attachment-1536x1536 size-1536x1536 wp-image-860\" alt=\"\" srcset=\"https:\/\/footfunction.com\/wp-content\/uploads\/2024\/02\/walking_image.jpg 1200w, https:\/\/footfunction.com\/wp-content\/uploads\/2024\/02\/walking_image-300x200.jpg 300w, https:\/\/footfunction.com\/wp-content\/uploads\/2024\/02\/walking_image-1024x683.jpg 1024w, https:\/\/footfunction.com\/wp-content\/uploads\/2024\/02\/walking_image-768x512.jpg 768w\" sizes=\"(max-width: 1200px) 100vw, 1200px\" \/>\t\t\t\t\t\t\t\t\t\t\t\t\t\t\t<\/div>\n\t\t\t\t<\/div>\n\t\t\t\t\t<\/div>\n\t\t\t\t<\/div>\n\t\t\t\t<\/div>\n\t\t\t\t<\/div>\n\t\t","protected":false},"excerpt":{"rendered":"<p>\u00c0 PROPOS Foot Function Foot Function a \u00e9t\u00e9 fond\u00e9 il y a plus de 30 ans par son ancien propri\u00e9taire Sean Murray. Tous nos Orth\u00e9sistes certifi\u00e9s sont membres en r\u00e8gle de l&rsquo;Association Canadienne de l\u2019Orth\u00e9siste et du Coll\u00e8ge des Orth\u00e9sistes du Canada. Nous demeurons toujours une clinique de premier plan dans la conception d\u2019orth\u00e8ses plantaires [&hellip;]<\/p>\n","protected":false},"author":1,"featured_media":0,"parent":0,"menu_order":0,"comment_status":"closed","ping_status":"closed","template":"elementor_header_footer","meta":{"footnotes":""},"class_list":["post-836","page","type-page","status-publish","hentry"],"_links":{"self":[{"href":"https:\/\/footfunction.com\/fr\/wp-json\/wp\/v2\/pages\/836","targetHints":{"allow":["GET"]}}],"collection":[{"href":"https:\/\/footfunction.com\/fr\/wp-json\/wp\/v2\/pages"}],"about":[{"href":"https:\/\/footfunction.com\/fr\/wp-json\/wp\/v2\/types\/page"}],"author":[{"embeddable":true,"href":"https:\/\/footfunction.com\/fr\/wp-json\/wp\/v2\/users\/1"}],"replies":[{"embeddable":true,"href":"https:\/\/footfunction.com\/fr\/wp-json\/wp\/v2\/comments?post=836"}],"version-history":[{"count":10,"href":"https:\/\/footfunction.com\/fr\/wp-json\/wp\/v2\/pages\/836\/revisions"}],"predecessor-version":[{"id":965,"href":"https:\/\/footfunction.com\/fr\/wp-json\/wp\/v2\/pages\/836\/revisions\/965"}],"wp:attachment":[{"href":"https:\/\/footfunction.com\/fr\/wp-json\/wp\/v2\/media?parent=836"}],"curies":[{"name":"wp","href":"https:\/\/api.w.org\/{rel}","templated":true}]}}